{"id":6,"date":"2012-05-24T22:20:32","date_gmt":"2012-05-24T20:20:32","guid":{"rendered":"http:\/\/spintag.de\/?page_id=5"},"modified":"2021-03-01T07:37:24","modified_gmt":"2021-03-01T07:37:24","slug":"uber-mich","status":"publish","type":"page","link":"https:\/\/spintag.de\/?page_id=6","title":{"rendered":"\u00dcber mich"},"content":{"rendered":"<p>Ich bin ein erfahrener Softwareingenieur mit Spa\u00df an der L\u00f6sung von Problemen.<\/p>\n<p>Mein aktueller Interessenschwerpunkt liegt in der Entwicklung von Produkten und Durchf\u00fchrung von Projekten im Webtechnologieumfeld.<\/p>\n<p>Meine St\u00e4rken sind ein ausgepr\u00e4gtes analytisches Denkverm\u00f6gen und die Freude beim Ausprobieren neuer Konzepte und Technologien.<\/p>\n<p>Am spannendsten finde ich die Implementierung von Prototypen die sowohl technologisch als auch algorithmisch an der Grenze des technisch Machbaren liegen.<\/p>\n<p><strong>Jobstatus<\/strong>: festangestellt und gutbezahlt bei Novadex, 3 months notice<\/p>\n<p><strong>&#8222;Traumjob&#8220;<\/strong>: bei Berliner Unternehmen als Lead-Developer mit Architekturverantwortung und Umsetzungsspielraum<\/p>\n<p><img loading=\"lazy\" decoding=\"async\" class=\"alignnone wp-image-46\" src=\"http:\/\/spintag.de\/wp-content\/uploads\/2017\/03\/MarioKlaue.jpg\" alt=\"\" width=\"187\" height=\"232\" \/><\/p>\n","protected":false},"excerpt":{"rendered":"<p>Ich bin ein erfahrener Softwareingenieur mit Spa\u00df an der L\u00f6sung von Problemen. Mein aktueller Interessenschwerpunkt liegt in der Entwicklung von Produkten und Durchf\u00fchrung von Projekten im Webtechnologieumfeld. Meine St\u00e4rken sind ein ausgepr\u00e4gtes analytisches Denkverm\u00f6gen und die Freude beim Ausprobieren neuer Konzepte und Technologien. Am spannendsten finde ich die Implementierung von Prototypen die sowohl technologisch als [&hellip;]<\/p>\n","protected":false},"author":1,"featured_media":0,"parent":0,"menu_order":0,"comment_status":"closed","ping_status":"closed","template":"","meta":{"footnotes":""},"class_list":["post-6","page","type-page","status-publish","hentry","entry"],"_links":{"self":[{"href":"https:\/\/spintag.de\/index.php?rest_route=\/wp\/v2\/pages\/6","targetHints":{"allow":["GET"]}}],"collection":[{"href":"https:\/\/spintag.de\/index.php?rest_route=\/wp\/v2\/pages"}],"about":[{"href":"https:\/\/spintag.de\/index.php?rest_route=\/wp\/v2\/types\/page"}],"author":[{"embeddable":true,"href":"https:\/\/spintag.de\/index.php?rest_route=\/wp\/v2\/users\/1"}],"replies":[{"embeddable":true,"href":"https:\/\/spintag.de\/index.php?rest_route=%2Fwp%2Fv2%2Fcomments&post=6"}],"version-history":[{"count":1,"href":"https:\/\/spintag.de\/index.php?rest_route=\/wp\/v2\/pages\/6\/revisions"}],"predecessor-version":[{"id":83,"href":"https:\/\/spintag.de\/index.php?rest_route=\/wp\/v2\/pages\/6\/revisions\/83"}],"wp:attachment":[{"href":"https:\/\/spintag.de\/index.php?rest_route=%2Fwp%2Fv2%2Fmedia&parent=6"}],"curies":[{"name":"wp","href":"https:\/\/api.w.org\/{rel}","templated":true}]}}